{"id":43,"date":"2026-01-03T11:29:48","date_gmt":"2026-01-03T09:29:48","guid":{"rendered":"https:\/\/www.insperion.fi\/?page_id=43"},"modified":"2026-01-18T16:22:33","modified_gmt":"2026-01-18T14:22:33","slug":"laskutustiedot","status":"publish","type":"page","link":"https:\/\/www.insperion.fi\/index.php\/yhteystiedot\/laskutustiedot\/","title":{"rendered":"Laskutustiedot"},"content":{"rendered":"<style>.kb-row-layout-id43_299c77-49 > .kt-row-column-wrap{align-content:start;}:where(.kb-row-layout-id43_299c77-49 > .kt-row-column-wrap) > .wp-block-kadence-column{justify-content:start;}.kb-row-layout-id43_299c77-49 > .kt-row-column-wrap{column-gap:var(--global-kb-gap-md, 2rem);row-gap:var(--global-kb-gap-md, 2rem);padding-top:var(--global-kb-spacing-sm, 1.5rem);padding-bottom:var(--global-kb-spacing-sm, 1.5rem);grid-template-columns:minmax(0, 1fr);}.kb-row-layout-id43_299c77-49 > .kt-row-layout-overlay{opacity:0.30;}@media all and (max-width: 1024px){.kb-row-layout-id43_299c77-49 > .kt-row-column-wrap{grid-template-columns:minmax(0, 1fr);}}@media all and (max-width: 767px){.kb-row-layout-id43_299c77-49 > .kt-row-column-wrap{grid-template-columns:minmax(0, 1fr);}}<\/style><div class=\"kb-row-layout-wrap kb-row-layout-id43_299c77-49 alignnone has-theme-palette1-background-color kt-row-has-bg wp-block-kadence-rowlayout\"><div class=\"kt-row-column-wrap kt-has-1-columns kt-row-layout-equal kt-tab-layout-inherit kt-mobile-layout-row kt-row-valign-top\">\n<style>.kadence-column43_ed1bb3-8b > .kt-inside-inner-col,.kadence-column43_ed1bb3-8b > .kt-inside-inner-col:before{border-top-left-radius:0px;border-top-right-radius:0px;border-bottom-right-radius:0px;border-bottom-left-radius:0px;}.kadence-column43_ed1bb3-8b > .kt-inside-inner-col{column-gap:var(--global-kb-gap-sm, 1rem);}.kadence-column43_ed1bb3-8b > .kt-inside-inner-col{flex-direction:column;}.kadence-column43_ed1bb3-8b > .kt-inside-inner-col > .aligncenter{width:100%;}.kadence-column43_ed1bb3-8b > .kt-inside-inner-col:before{opacity:0.3;}.kadence-column43_ed1bb3-8b{position:relative;}@media all and (max-width: 1024px){.kadence-column43_ed1bb3-8b > .kt-inside-inner-col{flex-direction:column;justify-content:center;}}@media all and (max-width: 767px){.kadence-column43_ed1bb3-8b > .kt-inside-inner-col{flex-direction:column;justify-content:center;}}<\/style>\n<div class=\"wp-block-kadence-column kadence-column43_ed1bb3-8b\"><div class=\"kt-inside-inner-col\">\n<h2 class=\"wp-block-heading has-theme-palette-7-color has-text-color has-link-color wp-elements-e1cc37aad92f5379224f1b95686085d7\">Laskutustiedot<\/h2>\n\n\n\n<p class=\"has-theme-palette-7-color has-text-color has-link-color wp-elements-c0cd1177989b7a470b379e0ef97f6bd0 wp-block-paragraph\">Insperion Oy vastaanottaa laskut <strong>ainoastaan s\u00e4hk\u00f6isess\u00e4 muodossa<\/strong>.<\/p>\n\n\n\n<h3 class=\"wp-block-heading has-theme-palette-7-color has-text-color has-link-color wp-elements-786aa5595beac56bc9ce269e6344b6b9\">Verkkolaskutiedot<\/h3>\n\n\n\n<p class=\"has-theme-palette-7-color has-text-color has-link-color wp-elements-b3184a113be5addc9c71660957ce026a wp-block-paragraph\"><strong>Verkkolaskuosoite ( OVT ): 003735882939<\/strong><br>Operaattori: Maventa 003721291126<strong><br><\/strong><strong><br><br>Y-Tunnus: 3588293-9<\/strong><\/p>\n<\/div><\/div>\n\n<\/div><\/div>\n\n\n<p class=\"wp-block-paragraph\"><\/p>\n","protected":false},"excerpt":{"rendered":"<p>Laskutustiedot Insperion Oy vastaanottaa laskut ainoastaan s\u00e4hk\u00f6isess\u00e4 muodossa. Verkkolaskutiedot Verkkolaskuosoite ( OVT ): 003735882939Operaattori: Maventa 003721291126 Y-Tunnus: 3588293-9<\/p>\n","protected":false},"author":1,"featured_media":0,"parent":95,"menu_order":0,"comment_status":"closed","ping_status":"closed","template":"","meta":{"_crdt_document":"","_kad_post_transparent":"","_kad_post_title":"hide","_kad_post_layout":"","_kad_post_sidebar_id":"","_kad_post_content_style":"","_kad_post_vertical_padding":"","_kad_post_feature":"","_kad_post_feature_position":"","_kad_post_header":false,"_kad_post_footer":false,"_kad_post_classname":"","footnotes":""},"class_list":["post-43","page","type-page","status-publish","hentry"],"_links":{"self":[{"href":"https:\/\/www.insperion.fi\/index.php\/wp-json\/wp\/v2\/pages\/43","targetHints":{"allow":["GET"]}}],"collection":[{"href":"https:\/\/www.insperion.fi\/index.php\/wp-json\/wp\/v2\/pages"}],"about":[{"href":"https:\/\/www.insperion.fi\/index.php\/wp-json\/wp\/v2\/types\/page"}],"author":[{"embeddable":true,"href":"https:\/\/www.insperion.fi\/index.php\/wp-json\/wp\/v2\/users\/1"}],"replies":[{"embeddable":true,"href":"https:\/\/www.insperion.fi\/index.php\/wp-json\/wp\/v2\/comments?post=43"}],"version-history":[{"count":23,"href":"https:\/\/www.insperion.fi\/index.php\/wp-json\/wp\/v2\/pages\/43\/revisions"}],"predecessor-version":[{"id":189,"href":"https:\/\/www.insperion.fi\/index.php\/wp-json\/wp\/v2\/pages\/43\/revisions\/189"}],"up":[{"embeddable":true,"href":"https:\/\/www.insperion.fi\/index.php\/wp-json\/wp\/v2\/pages\/95"}],"wp:attachment":[{"href":"https:\/\/www.insperion.fi\/index.php\/wp-json\/wp\/v2\/media?parent=43"}],"curies":[{"name":"wp","href":"https:\/\/api.w.org\/{rel}","templated":true}]}}